{"id":13,"date":"2025-04-25T00:10:15","date_gmt":"2025-04-25T00:10:15","guid":{"rendered":"https:\/\/shwebdesigner.com\/cliente\/?page_id=13"},"modified":"2026-01-04T22:40:28","modified_gmt":"2026-01-04T22:40:28","slug":"sobre","status":"publish","type":"page","link":"https:\/\/shwebdesigner.com\/cliente\/sobre\/","title":{"rendered":"Sobre"},"content":{"rendered":"\t\t<div data-elementor-type=\"wp-page\" data-elementor-id=\"13\" class=\"elementor elementor-13\">\n\t\t\t\t<div class=\"elementor-element elementor-element-2c1c568 e-flex e-con-boxed wpr-particle-no wpr-jarallax-no wpr-parallax-no wpr-sticky-section-no wpr-equal-height-no e-con e-parent\" data-id=\"2c1c568\" data-element_type=\"container\" data-e-type=\"container\" data-settings=\"{&quot;background_background&quot;:&quot;classic&quot;}\">\n\t\t\t\t\t<div class=\"e-con-inner\">\n\t\t<div class=\"elementor-element elementor-element-0e91d6a e-con-full animated-slow e-flex wpr-particle-no wpr-jarallax-no wpr-parallax-no wpr-sticky-section-no wpr-equal-height-no elementor-invisible e-con e-child\" data-id=\"0e91d6a\" data-element_type=\"container\" data-e-type=\"container\" data-settings=\"{&quot;animation&quot;:&quot;fadeIn&quot;}\">\n\t\t\t\t<div class=\"elementor-element elementor-element-3d3462f elementor-widget-divider--view-line_text elementor-widget-divider--element-align-left elementor-widget__width-initial elementor-widget elementor-widget-divider\" data-id=\"3d3462f\" data-element_type=\"widget\" data-e-type=\"widget\" data-widget_type=\"divider.default\">\n\t\t\t\t<div class=\"elementor-widget-container\">\n\t\t\t\t\t\t\t<div class=\"elementor-divider\">\n\t\t\t<span class=\"elementor-divider-separator\">\n\t\t\t\t\t\t\t<span class=\"elementor-divider__text elementor-divider__element\">\n\t\t\t\tSobre n\u00f3s\t\t\t\t<\/span>\n\t\t\t\t\t\t<\/span>\n\t\t<\/div>\n\t\t\t\t\t\t<\/div>\n\t\t\t\t<\/div>\n\t\t\t\t<div class=\"elementor-element elementor-element-6d9168d elementor-widget elementor-widget-heading\" data-id=\"6d9168d\" data-element_type=\"widget\" data-e-type=\"widget\" data-widget_type=\"heading.default\">\n\t\t\t\t<div class=\"elementor-widget-container\">\n\t\t\t\t\t<h2 class=\"elementor-heading-title elementor-size-default\">Prospera Mais<\/h2>\t\t\t\t<\/div>\n\t\t\t\t<\/div>\n\t\t\t\t<div class=\"elementor-element elementor-element-261264d elementor-widget elementor-widget-text-editor\" data-id=\"261264d\" data-element_type=\"widget\" data-e-type=\"widget\" data-widget_type=\"text-editor.default\">\n\t\t\t\t<div class=\"elementor-widget-container\">\n\t\t\t\t\t\t\t\t\t<p data-start=\"565\" data-end=\"728\">A <strong data-start=\"567\" data-end=\"584\">Prospera Mais<\/strong> nasceu com o prop\u00f3sito de ajudar pessoas e fam\u00edlias a desenvolverem uma rela\u00e7\u00e3o mais saud\u00e1vel com o dinheiro, indo al\u00e9m de n\u00fameros e planilhas.<\/p><p data-start=\"730\" data-end=\"943\">Acreditamos que organiza\u00e7\u00e3o financeira, equil\u00edbrio emocional e clareza de objetivos caminham juntos. Por isso, trabalhamos com uma abordagem humana, pr\u00e1tica e personalizada, respeitando a realidade de cada pessoa.<\/p><p data-start=\"945\" data-end=\"1043\">Atuamos de forma <strong data-start=\"962\" data-end=\"977\">100% online<\/strong>, facilitando o acesso \u00e0 educa\u00e7\u00e3o financeira de onde voc\u00ea estiver.<\/p><h3 data-start=\"1068\" data-end=\"1110\"><strong data-start=\"1072\" data-end=\"1110\">Lara e Getulio Sanfelice<\/strong><\/h3><p data-start=\"1112\" data-end=\"1321\">Somos consultores em Educa\u00e7\u00e3o Financeira, <strong data-start=\"1154\" data-end=\"1198\">formados pela DSOP em Terapia Financeira<\/strong>, metodologia reconhecida nacionalmente por integrar aspectos emocionais, comportamentais e t\u00e9cnicos das finan\u00e7as pessoais.<\/p><p data-start=\"1323\" data-end=\"1547\">Nossa miss\u00e3o \u00e9 orientar pessoas a tomarem decis\u00f5es financeiras mais conscientes, reduzindo ansiedade, conflitos e inseguran\u00e7a relacionados ao dinheiro, e ajudando na constru\u00e7\u00e3o de uma vida com mais prop\u00f3sito e tranquilidade.<\/p>\t\t\t\t\t\t\t\t<\/div>\n\t\t\t\t<\/div>\n\t\t\t\t<\/div>\n\t\t<div class=\"elementor-element elementor-element-c26338d e-con-full animated-slow e-flex wpr-particle-no wpr-jarallax-no wpr-parallax-no wpr-sticky-section-no wpr-equal-height-no elementor-invisible e-con e-child\" data-id=\"c26338d\" data-element_type=\"container\" data-e-type=\"container\" data-settings=\"{&quot;animation&quot;:&quot;fadeIn&quot;}\">\n\t\t\t\t<div class=\"elementor-element elementor-element-01ba25e elementor-widget elementor-widget-image\" data-id=\"01ba25e\" data-element_type=\"widget\" data-e-type=\"widget\" data-widget_type=\"image.default\">\n\t\t\t\t<div class=\"elementor-widget-container\">\n\t\t\t\t\t\t\t\t\t\t\t\t\t\t\t<img fetchpriority=\"high\" decoding=\"async\" width=\"736\" height=\"1024\" src=\"https:\/\/shwebdesigner.com\/cliente\/wp-content\/uploads\/2026\/01\/prospera-mais-736x1024.jpg\" class=\"attachment-large size-large wp-image-314\" alt=\"sobre n\u00f3s prospera mais\" srcset=\"https:\/\/shwebdesigner.com\/cliente\/wp-content\/uploads\/2026\/01\/prospera-mais-736x1024.jpg 736w, https:\/\/shwebdesigner.com\/cliente\/wp-content\/uploads\/2026\/01\/prospera-mais-216x300.jpg 216w, https:\/\/shwebdesigner.com\/cliente\/wp-content\/uploads\/2026\/01\/prospera-mais-768x1069.jpg 768w, https:\/\/shwebdesigner.com\/cliente\/wp-content\/uploads\/2026\/01\/prospera-mais-1103x1536.jpg 1103w, https:\/\/shwebdesigner.com\/cliente\/wp-content\/uploads\/2026\/01\/prospera-mais-1471x2048.jpg 1471w, https:\/\/shwebdesigner.com\/cliente\/wp-content\/uploads\/2026\/01\/prospera-mais-scaled.jpg 1839w\" sizes=\"(max-width: 736px) 100vw, 736px\" \/>\t\t\t\t\t\t\t\t\t\t\t\t\t\t\t<\/div>\n\t\t\t\t<\/div>\n\t\t\t\t<\/div>\n\t\t\t\t\t<\/div>\n\t\t\t\t<\/div>\n\t\t\t\t<\/div>\n\t\t","protected":false},"excerpt":{"rendered":"<p>Sobre n\u00f3s Prospera Mais A Prospera Mais nasceu com o prop\u00f3sito de ajudar pessoas e fam\u00edlias a desenvolverem uma rela\u00e7\u00e3o mais saud\u00e1vel com o dinheiro, indo al\u00e9m de n\u00fameros e planilhas. Acreditamos que organiza\u00e7\u00e3o financeira, equil\u00edbrio emocional e clareza de objetivos caminham juntos. Por isso, trabalhamos com uma abordagem humana, pr\u00e1tica e personalizada, respeitando a realidade de cada pessoa. Atuamos de forma 100% online, facilitando o acesso \u00e0 educa\u00e7\u00e3o financeira de onde voc\u00ea estiver. Lara e Getulio Sanfelice Somos consultores em Educa\u00e7\u00e3o Financeira, formados pela DSOP em Terapia Financeira, metodologia reconhecida nacionalmente por integrar aspectos emocionais, comportamentais e t\u00e9cnicos das finan\u00e7as pessoais. Nossa miss\u00e3o \u00e9 orientar pessoas a tomarem decis\u00f5es financeiras mais conscientes, reduzindo ansiedade, conflitos e inseguran\u00e7a relacionados ao dinheiro, e ajudando na constru\u00e7\u00e3o de uma vida com mais prop\u00f3sito e tranquilidade.<\/p>\n","protected":false},"author":1,"featured_media":0,"parent":0,"menu_order":0,"comment_status":"closed","ping_status":"closed","template":"","meta":{"footnotes":""},"class_list":["post-13","page","type-page","status-publish","hentry"],"_hostinger_reach_plugin_has_subscription_block":false,"_hostinger_reach_plugin_is_elementor":false,"_links":{"self":[{"href":"https:\/\/shwebdesigner.com\/cliente\/wp-json\/wp\/v2\/pages\/13","targetHints":{"allow":["GET"]}}],"collection":[{"href":"https:\/\/shwebdesigner.com\/cliente\/wp-json\/wp\/v2\/pages"}],"about":[{"href":"https:\/\/shwebdesigner.com\/cliente\/wp-json\/wp\/v2\/types\/page"}],"author":[{"embeddable":true,"href":"https:\/\/shwebdesigner.com\/cliente\/wp-json\/wp\/v2\/users\/1"}],"replies":[{"embeddable":true,"href":"https:\/\/shwebdesigner.com\/cliente\/wp-json\/wp\/v2\/comments?post=13"}],"version-history":[{"count":0,"href":"https:\/\/shwebdesigner.com\/cliente\/wp-json\/wp\/v2\/pages\/13\/revisions"}],"wp:attachment":[{"href":"https:\/\/shwebdesigner.com\/cliente\/wp-json\/wp\/v2\/media?parent=13"}],"curies":[{"name":"wp","href":"https:\/\/api.w.org\/{rel}","templated":true}]}}