{"id":167,"date":"2025-11-15T17:15:12","date_gmt":"2025-11-15T17:15:12","guid":{"rendered":"https:\/\/cliente.shwebdesigner.com\/?page_id=167"},"modified":"2025-12-14T12:26:19","modified_gmt":"2025-12-14T12:26:19","slug":"sobre","status":"publish","type":"page","link":"https:\/\/shwebdesigner.com\/clinica\/sobre\/","title":{"rendered":"SOBRE"},"content":{"rendered":"\t\t<div data-elementor-type=\"wp-page\" data-elementor-id=\"167\" class=\"elementor elementor-167\">\n\t\t\t\t<div class=\"elementor-element elementor-element-3653e86 e-flex e-con-boxed e-con e-parent\" data-id=\"3653e86\" data-element_type=\"container\" data-e-type=\"container\">\n\t\t\t\t\t<div class=\"e-con-inner\">\n\t\t<div class=\"elementor-element elementor-element-d74847d e-con-full e-flex e-con e-child\" data-id=\"d74847d\" data-element_type=\"container\" data-e-type=\"container\">\n\t\t\t\t<div class=\"elementor-element elementor-element-d572acb elementor-widget elementor-widget-image\" data-id=\"d572acb\" data-element_type=\"widget\" data-e-type=\"widget\" data-widget_type=\"image.default\">\n\t\t\t\t\t\t\t\t\t\t\t\t\t\t\t<img decoding=\"async\" src=\"https:\/\/shwebdesigner.com\/clinica\/wp-content\/uploads\/elementor\/thumbs\/gizi-terapeuta-rg57fqoo7xhh39727wq4pwqz0orxzltiuuvr4l5jeg.jpg\" title=\"gizi-terapeuta\" alt=\"gizi-terapeuta\" loading=\"lazy\" \/>\t\t\t\t\t\t\t\t\t\t\t\t\t\t\t<\/div>\n\t\t\t\t<\/div>\n\t\t<div class=\"elementor-element elementor-element-df3be6f e-con-full e-flex e-con e-child\" data-id=\"df3be6f\" data-element_type=\"container\" data-e-type=\"container\">\n\t\t\t\t<div class=\"elementor-element elementor-element-be11341 elementor-widget-mobile__width-initial elementor-widget elementor-widget-heading\" data-id=\"be11341\" data-element_type=\"widget\" data-e-type=\"widget\" data-widget_type=\"heading.default\">\n\t\t\t\t\t<h2 class=\"elementor-heading-title elementor-size-default\">Quem Sou \u2014 Giziane Sigales Lumertz<\/h2>\t\t\t\t<\/div>\n\t\t\t\t<div class=\"elementor-element elementor-element-c2c086d elementor-widget elementor-widget-text-editor\" data-id=\"c2c086d\" data-element_type=\"widget\" data-e-type=\"widget\" data-widget_type=\"text-editor.default\">\n\t\t\t\t\t\t\t\t\t<p data-start=\"2863\" data-end=\"2988\">Sou Master Terapeuta TRG, com 5 especializa\u00e7\u00f5es e mais de 1000 horas de atendimentos realizados ao longo da minha trajet\u00f3ria.<\/p><p data-start=\"2863\" data-end=\"2988\">Formada pela IBFT- Instituto Brasileiro de Forma\u00e7\u00e3o de Terapeutas.<\/p><p data-start=\"2863\" data-end=\"2988\">Mater Terapeuta- especializada em Leitura Corporal e Comportamental, Forma\u00e7\u00e3o Avan\u00e7ada em: Transtornos de Ansiedade e Sonoros, Transtornos Emocionais Graves, Transtornos Sexuais, Traumas e Fobias, Transtornos Alimentares e de Imagem.<\/p><p data-start=\"2863\" data-end=\"2988\">Trabalho com acolhimento, sensibilidade e foco total na transforma\u00e7\u00e3o real e profunda de cada cliente.<\/p><p data-start=\"3220\" data-end=\"3443\">Acredito que cada pessoa carrega dentro de si o potencial para viver com mais leveza, autoestima e clareza. Minha fun\u00e7\u00e3o \u00e9 gui\u00e1-la nesse processo atrav\u00e9s da TRG, um m\u00e9todo terap\u00eautico moderno, eficaz e profundamente humano.<\/p><p data-start=\"3445\" data-end=\"3555\">Atendo online pessoas de todo o Brasil e tamb\u00e9m do exterior, garantindo conforto, privacidade e flexibilidade.<\/p>\t\t\t\t\t\t\t\t<\/div>\n\t\t\t\t<\/div>\n\t\t\t\t\t<\/div>\n\t\t\t\t<\/div>\n\t\t\t\t<\/div>\n\t\t","protected":false},"excerpt":{"rendered":"<p>Quem Sou \u2014 Giziane Sigales Lumertz Sou Master Terapeuta TRG, com 5 especializa\u00e7\u00f5es e mais de 1000 horas de atendimentos realizados ao longo da minha trajet\u00f3ria. Formada pela IBFT- Instituto Brasileiro de Forma\u00e7\u00e3o de Terapeutas. Mater Terapeuta- especializada em Leitura Corporal e Comportamental, Forma\u00e7\u00e3o Avan\u00e7ada em: Transtornos de Ansiedade e Sonoros, Transtornos Emocionais Graves, Transtornos [&hellip;]<\/p>\n","protected":false},"author":1,"featured_media":0,"parent":0,"menu_order":0,"comment_status":"closed","ping_status":"closed","template":"","meta":{"_joinchat":[],"footnotes":""},"class_list":["post-167","page","type-page","status-publish","hentry"],"_hostinger_reach_plugin_has_subscription_block":false,"_hostinger_reach_plugin_is_elementor":false,"_links":{"self":[{"href":"https:\/\/shwebdesigner.com\/clinica\/wp-json\/wp\/v2\/pages\/167","targetHints":{"allow":["GET"]}}],"collection":[{"href":"https:\/\/shwebdesigner.com\/clinica\/wp-json\/wp\/v2\/pages"}],"about":[{"href":"https:\/\/shwebdesigner.com\/clinica\/wp-json\/wp\/v2\/types\/page"}],"author":[{"embeddable":true,"href":"https:\/\/shwebdesigner.com\/clinica\/wp-json\/wp\/v2\/users\/1"}],"replies":[{"embeddable":true,"href":"https:\/\/shwebdesigner.com\/clinica\/wp-json\/wp\/v2\/comments?post=167"}],"version-history":[{"count":28,"href":"https:\/\/shwebdesigner.com\/clinica\/wp-json\/wp\/v2\/pages\/167\/revisions"}],"predecessor-version":[{"id":413,"href":"https:\/\/shwebdesigner.com\/clinica\/wp-json\/wp\/v2\/pages\/167\/revisions\/413"}],"wp:attachment":[{"href":"https:\/\/shwebdesigner.com\/clinica\/wp-json\/wp\/v2\/media?parent=167"}],"curies":[{"name":"wp","href":"https:\/\/api.w.org\/{rel}","templated":true}]}}